{"id":111240,"date":"2023-10-24T10:38:49","date_gmt":"2023-10-24T16:38:49","guid":{"rendered":"https:\/\/cei-em.udem.edu.mx\/?page_id=111240"},"modified":"2023-10-24T12:15:20","modified_gmt":"2023-10-24T18:15:20","slug":"__trashed-5","status":"publish","type":"page","link":"https:\/\/cei-em.udem.edu.mx\/index.php\/__trashed-5\/","title":{"rendered":"Pol\u00edticas y normativa"},"content":{"rendered":"<section class=\"wpb-content-wrapper\"><p>[vc_row][vc_column width=\u00bb1\/1&#8243;][vc_gallery el_id=\u00bbgallery-132524&#8243; gutter_size=\u00bb3&#8243; screen_lg=\u00bb1000&#8243; screen_md=\u00bb600&#8243; screen_sm=\u00bb480&#8243; single_overlay_opacity=\u00bb50&#8243; single_padding=\u00bb2&#8243; uncode_shortcode_id=\u00bb445416&#8243;][vc_custom_heading sub_lead=\u00bbsmall\u00bb sub_reduced=\u00bbyes\u00bb uncode_shortcode_id=\u00bb617068&#8243;]<\/p>\n<p>&nbsp;<\/p>\n<p>&nbsp;<\/p>\n<p>Pol\u00edticas y normativa[\/vc_custom_heading][\/vc_column][\/vc_row][vc_row row_height_percent=\u00bb0&#8243; override_padding=\u00bbyes\u00bb h_padding=\u00bb2&#8243; top_padding=\u00bb5&#8243; bottom_padding=\u00bb5&#8243; overlay_alpha=\u00bb50&#8243; gutter_size=\u00bb3&#8243; column_width_percent=\u00bb100&#8243; shift_y=\u00bb0&#8243; z_index=\u00bb1&#8243; top_divider=\u00bbgradient\u00bb bottom_divider=\u00bbgradient\u00bb][vc_column column_width_percent=\u00bb100&#8243; gutter_size=\u00bb4&#8243; overlay_alpha=\u00bb50&#8243; shift_x=\u00bb0&#8243; shift_y=\u00bb0&#8243; shift_y_down=\u00bb0&#8243; z_index=\u00bb0&#8243; medium_width=\u00bb0&#8243; mobile_width=\u00bb0&#8243; width=\u00bb1\/1&#8243;][vc_row_inner row_inner_height_percent=\u00bb0&#8243; overlay_alpha=\u00bb50&#8243; equal_height=\u00bbyes\u00bb gutter_size=\u00bb4&#8243; shift_y=\u00bb0&#8243; z_index=\u00bb0&#8243; limit_content=\u00bb\u00bb][vc_column_inner column_width_percent=\u00bb100&#8243; gutter_size=\u00bb3&#8243; overlay_alpha=\u00bb50&#8243; shift_x=\u00bb0&#8243; shift_y=\u00bb0&#8243; shift_y_down=\u00bb0&#8243; z_index=\u00bb0&#8243; medium_width=\u00bb3&#8243; mobile_width=\u00bb0&#8243; radius=\u00bbsm\u00bb width=\u00bb1\/3&#8243;][vc_icon position=\u00bbleft\u00bb title_aligned_icon=\u00bbyes\u00bb icon=\u00bbfa fa-book4&#8243; icon_color=\u00bbaccent\u00bb size=\u00bbfa-3x\u00bb text_size=\u00bbh4&#8243; add_margin=\u00bbyes\u00bb linked_title=\u00bbyes\u00bb title=\u00bbManual para la Integraci\u00f3n y Funcionamiento del CEI-EM UDEM\u00bb link=\u00bburl:https%3A%2F%2Fcei-em.udem.edu.mx%2Fwp-content%2Fuploads%2F2023%2F09%2FManual-CEI-EM-2019_vNov2019.pdf|title:Manual%20para%20la%20Integraci%C3%B3n%20y%20Funcionamiento%20del%20CEI-EM%20UDEM\u00bb uncode_shortcode_id=\u00bb167932&#8243; icon_color_type=\u00bbuncode-palette\u00bb]Manual interno del CEI-EM UDEM, versi\u00f3n 2019[\/vc_icon][\/vc_column_inner][vc_column_inner column_width_percent=\u00bb100&#8243; gutter_size=\u00bb3&#8243; overlay_alpha=\u00bb50&#8243; shift_x=\u00bb0&#8243; shift_y=\u00bb0&#8243; shift_y_down=\u00bb0&#8243; z_index=\u00bb0&#8243; medium_width=\u00bb3&#8243; mobile_width=\u00bb0&#8243; radius=\u00bbsm\u00bb width=\u00bb1\/3&#8243;][vc_icon position=\u00bbleft\u00bb title_aligned_icon=\u00bbyes\u00bb icon=\u00bbfa fa-book4&#8243; icon_color=\u00bbaccent\u00bb size=\u00bbfa-3x\u00bb text_size=\u00bbh4&#8243; add_margin=\u00bbyes\u00bb linked_title=\u00bbyes\u00bb title=\u00bbGu\u00eda Nacional para la Integraci\u00f3n y Funcionamiento de los CEIs\u00bb link=\u00bburl:https%3A%2F%2Fwww.uv.mx%2Fics%2Ffiles%2F2019%2F04%2FGui_a_CEI_2018_6ta_Edicion.pdf|title:Gu%C3%ADa%20Nacional%20para%20la%20Integraci%C3%B3n%20y%20Funcionamiento%20de%20los%20CEIs\u00bb uncode_shortcode_id=\u00bb789322&#8243; icon_color_type=\u00bbuncode-palette\u00bb]Gu\u00eda de la CONBIO\u00c9TICA, 6ta ed. 2018[\/vc_icon][\/vc_column_inner][vc_column_inner column_width_percent=\u00bb100&#8243; gutter_size=\u00bb3&#8243; overlay_alpha=\u00bb50&#8243; shift_x=\u00bb0&#8243; shift_y=\u00bb0&#8243; shift_y_down=\u00bb0&#8243; z_index=\u00bb0&#8243; medium_width=\u00bb3&#8243; mobile_width=\u00bb0&#8243; radius=\u00bbsm\u00bb width=\u00bb1\/3&#8243; link_to=\u00bb|||\u00bb][vc_icon position=\u00bbleft\u00bb title_aligned_icon=\u00bbyes\u00bb icon=\u00bbfa fa-book4&#8243; icon_color=\u00bbaccent\u00bb size=\u00bbfa-3x\u00bb text_size=\u00bbh4&#8243; add_margin=\u00bbyes\u00bb linked_title=\u00bbyes\u00bb title=\u00bbNOM-012-SSA3-2012&#8243; link=\u00bburl:https%3A%2F%2Fdof.gob.mx%2Fnota_detalle.php%3Fcodigo%3D5284148%26fecha%3D04%2F01%2F2013%23gsc.tab%3D0|title:NOM-012-SSA3-2012&#8243; uncode_shortcode_id=\u00bb376479&#8243; icon_color_type=\u00bbuncode-palette\u00bb]Norma Oficial Mexicana que establece los criterios para la ejecuci\u00f3n de proyectos de investigaci\u00f3n para la salud en seres humanos[\/vc_icon][\/vc_column_inner][\/vc_row_inner][vc_row_inner row_inner_height_percent=\u00bb0&#8243; overlay_alpha=\u00bb50&#8243; equal_height=\u00bbyes\u00bb gutter_size=\u00bb4&#8243; shift_y=\u00bb0&#8243; z_index=\u00bb0&#8243; limit_content=\u00bb\u00bb][vc_column_inner column_width_percent=\u00bb100&#8243; gutter_size=\u00bb3&#8243; overlay_alpha=\u00bb50&#8243; shift_x=\u00bb0&#8243; shift_y=\u00bb0&#8243; shift_y_down=\u00bb0&#8243; z_index=\u00bb0&#8243; medium_width=\u00bb3&#8243; mobile_width=\u00bb0&#8243; radius=\u00bbsm\u00bb width=\u00bb1\/3&#8243;][vc_icon position=\u00bbleft\u00bb title_aligned_icon=\u00bbyes\u00bb icon=\u00bbfa fa-book2&#8243; icon_color=\u00bbaccent\u00bb size=\u00bbfa-3x\u00bb text_size=\u00bbh4&#8243; add_margin=\u00bbyes\u00bb linked_title=\u00bbyes\u00bb title=\u00bbReglamento de la Ley General de Salud en Materia de Investigaci\u00f3n para la Salud\u00bb link=\u00bburl:https%3A%2F%2Fwww.diputados.gob.mx%2FLeyesBiblio%2Fregley%2FReg_LGS_MIS.pdf|title:Reglamento%20de%20la%20Ley%20General%20de%20Salud%20en%20Materia%20de%20Investigaci%C3%B3n%20para%20la%20Salud\u00bb uncode_shortcode_id=\u00bb112516&#8243; icon_color_type=\u00bbuncode-palette\u00bb]Nuevo reglamento publicado en el DOF el 6 de enero de 1987; \u00faltima reforma publicada DOF 02-04-2014[\/vc_icon][\/vc_column_inner][vc_column_inner column_width_percent=\u00bb100&#8243; gutter_size=\u00bb3&#8243; overlay_alpha=\u00bb50&#8243; shift_x=\u00bb0&#8243; shift_y=\u00bb0&#8243; shift_y_down=\u00bb0&#8243; z_index=\u00bb0&#8243; medium_width=\u00bb3&#8243; mobile_width=\u00bb0&#8243; radius=\u00bbsm\u00bb width=\u00bb1\/3&#8243;][vc_icon position=\u00bbleft\u00bb title_aligned_icon=\u00bbyes\u00bb icon=\u00bbfa fa-book2&#8243; icon_color=\u00bbaccent\u00bb size=\u00bbfa-3x\u00bb text_size=\u00bbh4&#8243; add_margin=\u00bbyes\u00bb linked_title=\u00bbyes\u00bb title=\u00bbDeclaraci\u00f3n Universal sobre Bio\u00e9tica y Derechos Humanos\u00bb link=\u00bburl:https%3A%2F%2Funesdoc.unesco.org%2Fark%3A%2F48223%2Fpf0000146180_spa|title:Declaraci%C3%B3n%20Universal%20sobre%20Bio%C3%A9tica%20y%20Derechos%20Humanos\u00bb uncode_shortcode_id=\u00bb436328&#8243; icon_color_type=\u00bbuncode-palette\u00bb]UNESCO, 2006[\/vc_icon][\/vc_column_inner][vc_column_inner column_width_percent=\u00bb100&#8243; gutter_size=\u00bb3&#8243; overlay_alpha=\u00bb50&#8243; shift_x=\u00bb0&#8243; shift_y=\u00bb0&#8243; shift_y_down=\u00bb0&#8243; z_index=\u00bb0&#8243; medium_width=\u00bb3&#8243; mobile_width=\u00bb0&#8243; radius=\u00bbsm\u00bb width=\u00bb1\/3&#8243; link_to=\u00bb|||\u00bb][vc_icon position=\u00bbleft\u00bb title_aligned_icon=\u00bbyes\u00bb icon=\u00bbfa fa-book2&#8243; icon_color=\u00bbaccent\u00bb size=\u00bbfa-3x\u00bb text_size=\u00bbh4&#8243; add_margin=\u00bbyes\u00bb linked_title=\u00bbyes\u00bb title=\u00bbDeclaraci\u00f3n de Helsinki\u00bb link=\u00bburl:https%3A%2F%2Fwww.wma.net%2Fes%2Fpolicies-post%2Fdeclaracion-de-helsinki-de-la-amm-principios-eticos-para-las-investigaciones-medicas-en-seres-humanos%2F|title:Declaraci%C3%B3n%20de%20Helsinki\u00bb uncode_shortcode_id=\u00bb107025&#8243; icon_color_type=\u00bbuncode-palette\u00bb]Principios \u00e9ticos para las investigaciones m\u00e9dicas en seres humanos.<\/p>\n<p>Asamblea M\u00e9dica Mundial (AMM); Actualizaci\u00f3n, 21 marzo 2017[\/vc_icon][\/vc_column_inner][\/vc_row_inner][vc_row_inner row_inner_height_percent=\u00bb0&#8243; overlay_alpha=\u00bb50&#8243; equal_height=\u00bbyes\u00bb gutter_size=\u00bb4&#8243; shift_y=\u00bb0&#8243; z_index=\u00bb0&#8243; limit_content=\u00bb\u00bb][vc_column_inner column_width_percent=\u00bb100&#8243; gutter_size=\u00bb3&#8243; overlay_alpha=\u00bb50&#8243; shift_x=\u00bb0&#8243; shift_y=\u00bb0&#8243; shift_y_down=\u00bb0&#8243; z_index=\u00bb0&#8243; medium_width=\u00bb3&#8243; mobile_width=\u00bb0&#8243; radius=\u00bbsm\u00bb width=\u00bb1\/3&#8243;][vc_icon position=\u00bbleft\u00bb title_aligned_icon=\u00bbyes\u00bb icon=\u00bbfa fa-book4&#8243; icon_color=\u00bbaccent\u00bb size=\u00bbfa-3x\u00bb text_size=\u00bbh4&#8243; add_margin=\u00bbyes\u00bb linked_title=\u00bbyes\u00bb title=\u00bbDeclaraci\u00f3n de Taipei\u00bb link=\u00bburl:https%3A%2F%2Fwww.wma.net%2Fes%2Fpolicies-post%2Fdeclaracion-de-la-amm-sobre-las-consideraciones-eticas-de-las-bases-de-datos-de-salud-y-los-biobancos%2F|title:Declaraci%C3%B3n%20de%20Taipei\u00bb uncode_shortcode_id=\u00bb172759&#8243; icon_color_type=\u00bbuncode-palette\u00bb]Consideraciones \u00e9ticas de los bases de datos de salud y los biobancos y bancos. Asociaci\u00f3n M\u00e9dica Mundial, 7 julio 2022[\/vc_icon][\/vc_column_inner][vc_column_inner column_width_percent=\u00bb100&#8243; gutter_size=\u00bb3&#8243; overlay_alpha=\u00bb50&#8243; shift_x=\u00bb0&#8243; shift_y=\u00bb0&#8243; shift_y_down=\u00bb0&#8243; z_index=\u00bb0&#8243; medium_width=\u00bb3&#8243; mobile_width=\u00bb0&#8243; radius=\u00bbsm\u00bb width=\u00bb1\/3&#8243;][vc_icon position=\u00bbleft\u00bb title_aligned_icon=\u00bbyes\u00bb icon=\u00bbfa fa-book4&#8243; icon_color=\u00bbaccent\u00bb size=\u00bbfa-3x\u00bb text_size=\u00bbh4&#8243; add_margin=\u00bbyes\u00bb linked_title=\u00bbyes\u00bb title=\u00bbBuenas Pr\u00e1cticas Cl\u00ednicas\u00bb link=\u00bburl:https%3A%2F%2Fdatabase.ich.org%2Fsites%2Fdefault%2Ffiles%2FE6_R2_Addendum.pdf|title:Buenas%20Pr%C3%A1cticas%20Cl%C3%ADnicas\u00bb uncode_shortcode_id=\u00bb110253&#8243; icon_color_type=\u00bbuncode-palette\u00bb]International Conference on Harmonisation (ICH) E6 for Clinical Trials; with integrated adendum, 2016 (ingl\u00e9s)[\/vc_icon][\/vc_column_inner][vc_column_inner column_width_percent=\u00bb100&#8243; gutter_size=\u00bb3&#8243; overlay_alpha=\u00bb50&#8243; shift_x=\u00bb0&#8243; shift_y=\u00bb0&#8243; shift_y_down=\u00bb0&#8243; z_index=\u00bb0&#8243; medium_width=\u00bb3&#8243; mobile_width=\u00bb0&#8243; radius=\u00bbsm\u00bb width=\u00bb1\/3&#8243; link_to=\u00bb|||\u00bb][vc_icon position=\u00bbleft\u00bb title_aligned_icon=\u00bbyes\u00bb icon=\u00bbfa fa-book4&#8243; icon_color=\u00bbaccent\u00bb size=\u00bbfa-3x\u00bb text_size=\u00bbh4&#8243; add_margin=\u00bbyes\u00bb linked_title=\u00bbyes\u00bb title=\u00bbPautas \u00e9ticas internacionales para la investigaci\u00f3n relacionada con la salud con seres humanos\u00bb link=\u00bburl:https%3A%2F%2Fcioms.ch%2Fwp-content%2Fuploads%2F2017%2F12%2FCIOMS-EthicalGuideline_SP_INTERIOR-FINAL.pdf%20|title:Pautas%20%C3%A9ticas%20internacionales%20para%20la%20investigaci%C3%B3n%20%20relacionada%20con%20la%20salud%20con%20seres%20humanos\u00bb uncode_shortcode_id=\u00bb109241&#8243; icon_color_type=\u00bbuncode-palette\u00bb]Consejo Internacional de Organizaciones M\u00e9dicas (CIOMS), 2017[\/vc_icon][\/vc_column_inner][\/vc_row_inner][vc_row_inner row_inner_height_percent=\u00bb0&#8243; overlay_alpha=\u00bb50&#8243; equal_height=\u00bbyes\u00bb gutter_size=\u00bb4&#8243; shift_y=\u00bb0&#8243; z_index=\u00bb0&#8243; limit_content=\u00bb\u00bb][vc_column_inner column_width_percent=\u00bb100&#8243; gutter_size=\u00bb3&#8243; overlay_alpha=\u00bb50&#8243; shift_x=\u00bb0&#8243; shift_y=\u00bb0&#8243; shift_y_down=\u00bb0&#8243; z_index=\u00bb0&#8243; medium_width=\u00bb3&#8243; mobile_width=\u00bb0&#8243; radius=\u00bbsm\u00bb width=\u00bb1\/3&#8243;][vc_icon position=\u00bbleft\u00bb title_aligned_icon=\u00bbyes\u00bb icon=\u00bbfa fa-book2&#8243; icon_color=\u00bbaccent\u00bb size=\u00bbfa-3x\u00bb text_size=\u00bbh4&#8243; add_margin=\u00bbyes\u00bb linked_title=\u00bbyes\u00bb title=\u00bbInternational Ethical Guidelines for Health-related Research involving humans\u00bb link=\u00bburl:https%3A%2F%2Fcioms.ch%2Fpublications%2Fproduct%2Finternational-ethical-guidelines-for-health-related-research-involving-humans%2F|title:International%20Ethical%20Guidelines%20for%20Health-related%20Research%20involving%20humans\u00bb uncode_shortcode_id=\u00bb169771&#8243; icon_color_type=\u00bbuncode-palette\u00bb]CIOMS, 1990; \u00faltima actualizaci\u00f3n 2016[\/vc_icon][\/vc_column_inner][vc_column_inner column_width_percent=\u00bb100&#8243; gutter_size=\u00bb3&#8243; overlay_alpha=\u00bb50&#8243; shift_x=\u00bb0&#8243; shift_y=\u00bb0&#8243; shift_y_down=\u00bb0&#8243; z_index=\u00bb0&#8243; medium_width=\u00bb3&#8243; mobile_width=\u00bb0&#8243; radius=\u00bbsm\u00bb width=\u00bb1\/3&#8243;][vc_icon position=\u00bbleft\u00bb title_aligned_icon=\u00bbyes\u00bb icon=\u00bbfa fa-book2&#8243; icon_color=\u00bbaccent\u00bb size=\u00bbfa-3x\u00bb text_size=\u00bbh4&#8243; add_margin=\u00bbyes\u00bb linked_title=\u00bbyes\u00bb title=\u00bbPautas \u00e9ticas internacionales para estudios epidemiol\u00f3gicos (en ingl\u00e9s)\u00bb link=\u00bburl:https%3A%2F%2Fcioms.ch%2Fwp-content%2Fuploads%2F2017%2F01%2FInternational_Ethical_Guidelines_LR.pdf%20|title:Pautas%20%C3%A9ticas%20internacionales%20para%20estudios%20epidemiol%C3%B3gicos%20(en%20ingl%C3%A9s)\u00bb uncode_shortcode_id=\u00bb176142&#8243; icon_color_type=\u00bbuncode-palette\u00bb]CIOMS, 2017[\/vc_icon][\/vc_column_inner][vc_column_inner column_width_percent=\u00bb100&#8243; gutter_size=\u00bb3&#8243; overlay_alpha=\u00bb50&#8243; shift_x=\u00bb0&#8243; shift_y=\u00bb0&#8243; shift_y_down=\u00bb0&#8243; z_index=\u00bb0&#8243; medium_width=\u00bb3&#8243; mobile_width=\u00bb0&#8243; radius=\u00bbsm\u00bb width=\u00bb1\/3&#8243; link_to=\u00bb|||\u00bb][vc_icon position=\u00bbleft\u00bb title_aligned_icon=\u00bbyes\u00bb icon=\u00bbfa fa-book2&#8243; icon_color=\u00bbaccent\u00bb size=\u00bbfa-3x\u00bb text_size=\u00bbh4&#8243; add_margin=\u00bbyes\u00bb linked_title=\u00bbyes\u00bb title=\u00bbLey General de Salud\u00bb link=\u00bburl:https%3A%2F%2Fwww.diputados.gob.mx%2FLeyesBiblio%2Fpdf%2FLGS.pdfXx|title:Ley%20General%20de%20Salud\u00bb uncode_shortcode_id=\u00bb860851&#8243; icon_color_type=\u00bbuncode-palette\u00bb]DOF 07-02-1984, \u00faltima reforma DOF 29-05-2023[\/vc_icon][\/vc_column_inner][\/vc_row_inner][vc_row_inner row_inner_height_percent=\u00bb0&#8243; overlay_alpha=\u00bb50&#8243; equal_height=\u00bbyes\u00bb gutter_size=\u00bb4&#8243; shift_y=\u00bb0&#8243; z_index=\u00bb0&#8243; limit_content=\u00bb\u00bb][vc_column_inner column_width_percent=\u00bb100&#8243; gutter_size=\u00bb3&#8243; overlay_alpha=\u00bb50&#8243; shift_x=\u00bb0&#8243; shift_y=\u00bb0&#8243; shift_y_down=\u00bb0&#8243; z_index=\u00bb0&#8243; medium_width=\u00bb3&#8243; mobile_width=\u00bb0&#8243; radius=\u00bbsm\u00bb width=\u00bb1\/3&#8243;][vc_icon position=\u00bbleft\u00bb title_aligned_icon=\u00bbyes\u00bb icon=\u00bbfa fa-book4&#8243; icon_color=\u00bbaccent\u00bb size=\u00bbfa-3x\u00bb text_size=\u00bbh4&#8243; add_margin=\u00bbyes\u00bb linked_title=\u00bbyes\u00bb title=\u00bbTitle-link\u00bb uncode_shortcode_id=\u00bb161665&#8243; icon_color_type=\u00bbuncode-palette\u00bb][\/vc_icon][\/vc_column_inner][vc_column_inner column_width_percent=\u00bb100&#8243; gutter_size=\u00bb3&#8243; overlay_alpha=\u00bb50&#8243; shift_x=\u00bb0&#8243; shift_y=\u00bb0&#8243; shift_y_down=\u00bb0&#8243; z_index=\u00bb0&#8243; medium_width=\u00bb3&#8243; mobile_width=\u00bb0&#8243; radius=\u00bbsm\u00bb width=\u00bb1\/3&#8243;][vc_icon position=\u00bbleft\u00bb title_aligned_icon=\u00bbyes\u00bb icon=\u00bbfa fa-book4&#8243; icon_color=\u00bbaccent\u00bb size=\u00bbfa-3x\u00bb text_size=\u00bbh4&#8243; add_margin=\u00bbyes\u00bb linked_title=\u00bbyes\u00bb title=\u00bbNOM-062-ZOO-1999&#8243; link=\u00bburl:https%3A%2F%2Fwww.gob.mx%2Fcms%2Fuploads%2Fattachment%2Ffile%2F203498%2FNOM-062-ZOO-1999_220801.pdf|title:NOM-062-ZOO-1999&#8243; uncode_shortcode_id=\u00bb796699&#8243; icon_color_type=\u00bbuncode-palette\u00bb]Norma Oficial Mexicana\u00a0 sobre la producci\u00f3n, cuidado y uso de los animales de laboratorio.[\/vc_icon][\/vc_column_inner][vc_column_inner column_width_percent=\u00bb100&#8243; gutter_size=\u00bb3&#8243; overlay_alpha=\u00bb50&#8243; shift_x=\u00bb0&#8243; shift_y=\u00bb0&#8243; shift_y_down=\u00bb0&#8243; z_index=\u00bb0&#8243; medium_width=\u00bb3&#8243; mobile_width=\u00bb0&#8243; radius=\u00bbsm\u00bb width=\u00bb1\/3&#8243; link_to=\u00bb|||\u00bb][vc_icon position=\u00bbleft\u00bb title_aligned_icon=\u00bbyes\u00bb icon=\u00bbfa fa-book4&#8243; icon_color=\u00bbaccent\u00bb size=\u00bbfa-3x\u00bb text_size=\u00bbh4&#8243; add_margin=\u00bbyes\u00bb linked_title=\u00bbyes\u00bb title=\u00bbDeclaraci\u00f3n sobre el uso de animales en investigaci\u00f3n biom\u00e9dica\u00bb link=\u00bburl:https%3A%2F%2Fcioms.ch%2Fwp-content%2Fuploads%2F2017%2F01%2FResarchInvolvingAnimals.pdf%20|title:Declaraci%C3%B3n%20sobre%20el%20uso%20de%20animales%20en%20investigaci%C3%B3n%20biom%C3%A9dica\u00bb uncode_shortcode_id=\u00bb199585&#8243; icon_color_type=\u00bbuncode-palette\u00bb]Norma Oficial Mexicana que establece los criterios para la ejecuci\u00f3n de proyectos de investigaci\u00f3n para la salud en seres humanos[\/vc_icon][\/vc_column_inner][\/vc_row_inner][vc_row_inner row_inner_height_percent=\u00bb0&#8243; overlay_alpha=\u00bb50&#8243; equal_height=\u00bbyes\u00bb gutter_size=\u00bb4&#8243; shift_y=\u00bb0&#8243; z_index=\u00bb0&#8243; limit_content=\u00bb\u00bb][vc_column_inner column_width_percent=\u00bb100&#8243; gutter_size=\u00bb3&#8243; overlay_alpha=\u00bb50&#8243; shift_x=\u00bb0&#8243; shift_y=\u00bb0&#8243; shift_y_down=\u00bb0&#8243; z_index=\u00bb0&#8243; medium_width=\u00bb3&#8243; mobile_width=\u00bb0&#8243; radius=\u00bbsm\u00bb width=\u00bb1\/3&#8243;][\/vc_column_inner][vc_column_inner column_width_percent=\u00bb100&#8243; gutter_size=\u00bb3&#8243; overlay_alpha=\u00bb50&#8243; shift_x=\u00bb0&#8243; shift_y=\u00bb0&#8243; shift_y_down=\u00bb0&#8243; z_index=\u00bb0&#8243; medium_width=\u00bb3&#8243; mobile_width=\u00bb0&#8243; radius=\u00bbsm\u00bb width=\u00bb1\/3&#8243;][\/vc_column_inner][vc_column_inner column_width_percent=\u00bb100&#8243; gutter_size=\u00bb3&#8243; overlay_alpha=\u00bb50&#8243; shift_x=\u00bb0&#8243; shift_y=\u00bb0&#8243; shift_y_down=\u00bb0&#8243; z_index=\u00bb0&#8243; medium_width=\u00bb3&#8243; mobile_width=\u00bb0&#8243; radius=\u00bbsm\u00bb width=\u00bb1\/3&#8243; link_to=\u00bb|||\u00bb][\/vc_column_inner][\/vc_row_inner][\/vc_column][\/vc_row]<\/p>\n<\/section>","protected":false},"excerpt":{"rendered":"<p>[vc_row][vc_column width=\u00bb1\/1&#8243;][vc_gallery el_id=\u00bbgallery-132524&#8243; gutter_size=\u00bb3&#8243; screen_lg=\u00bb1000&#8243; screen_md=\u00bb600&#8243; screen_sm=\u00bb480&#8243; single_overlay_opacity=\u00bb50&#8243; single_padding=\u00bb2&#8243; uncode_shortcode_id=\u00bb445416&#8243;][vc_custom_heading sub_lead=\u00bbsmall\u00bb sub_reduced=\u00bbyes\u00bb uncode_shortcode_id=\u00bb617068&#8243;] &nbsp; &nbsp; Pol\u00edticas y normativa[\/vc_custom_heading][\/vc_column][\/vc_row][vc_row row_height_percent=\u00bb0&#8243; override_padding=\u00bbyes\u00bb [&hellip;]<\/p>\n","protected":false},"author":1,"featured_media":110928,"parent":0,"menu_order":0,"comment_status":"closed","ping_status":"closed","template":"","meta":{"footnotes":""},"class_list":["post-111240","page","type-page","status-publish","has-post-thumbnail","hentry"],"_links":{"self":[{"href":"https:\/\/cei-em.udem.edu.mx\/index.php\/wp-json\/wp\/v2\/pages\/111240","targetHints":{"allow":["GET"]}}],"collection":[{"href":"https:\/\/cei-em.udem.edu.mx\/index.php\/wp-json\/wp\/v2\/pages"}],"about":[{"href":"https:\/\/cei-em.udem.edu.mx\/index.php\/wp-json\/wp\/v2\/types\/page"}],"author":[{"embeddable":true,"href":"https:\/\/cei-em.udem.edu.mx\/index.php\/wp-json\/wp\/v2\/users\/1"}],"replies":[{"embeddable":true,"href":"https:\/\/cei-em.udem.edu.mx\/index.php\/wp-json\/wp\/v2\/comments?post=111240"}],"version-history":[{"count":6,"href":"https:\/\/cei-em.udem.edu.mx\/index.php\/wp-json\/wp\/v2\/pages\/111240\/revisions"}],"predecessor-version":[{"id":111289,"href":"https:\/\/cei-em.udem.edu.mx\/index.php\/wp-json\/wp\/v2\/pages\/111240\/revisions\/111289"}],"wp:featuredmedia":[{"embeddable":true,"href":"https:\/\/cei-em.udem.edu.mx\/index.php\/wp-json\/wp\/v2\/media\/110928"}],"wp:attachment":[{"href":"https:\/\/cei-em.udem.edu.mx\/index.php\/wp-json\/wp\/v2\/media?parent=111240"}],"curies":[{"name":"wp","href":"https:\/\/api.w.org\/{rel}","templated":true}]}}